{"id":118,"date":"2026-02-23T10:45:01","date_gmt":"2026-02-23T09:45:01","guid":{"rendered":"https:\/\/www.store62.com\/fermetures-partenaires\/?page_id=118"},"modified":"2026-03-04T15:59:51","modified_gmt":"2026-03-04T14:59:51","slug":"livre-dor-la-satisfaction-de-nos-clients","status":"publish","type":"page","link":"https:\/\/www.store62.com\/fermetures-partenaires\/livre-dor-la-satisfaction-de-nos-clients\/","title":{"rendered":"Livre d\u2019or : la satisfaction de nos clients"},"content":{"rendered":"<header class=\"entry-header\">\n<h1 class=\"entry-title\"><span style=\"font-size: 16px;\">Le point fort de Store 62 r\u00e9side aussi dans sa capacit\u00e9 \u00e0 vous donner satisfaction du d\u00e9but \u00e0 la fin de votre projet. Respect du devis, qualit\u00e9 d\u2019intervention, propret\u00e9 et rapidit\u00e9 de mise en oeuvre : Rien de plus parlant que le t\u00e9moignage de nos clients \u00e0 travers le temps.<\/span><\/h1>\n<\/header>\n<div class=\"entry-content\">\n<p><strong>Store 62 a assur\u00e9 chez vous une intervention \u00e0 la dimension de vos attentes, merci de laisser \u00e0 toute l\u2019\u00e9quipe un petit message de remerciements :<\/strong><\/p>\n<\/div>\n","protected":false},"excerpt":{"rendered":"<p>Le point fort de Store 62 r\u00e9side aussi dans sa capacit\u00e9 \u00e0 vous donner satisfaction du d\u00e9but \u00e0 la fin [&hellip;]<\/p>\n","protected":false},"author":1,"featured_media":0,"parent":0,"menu_order":0,"comment_status":"open","ping_status":"closed","template":"","meta":{"site-sidebar-layout":"default","site-content-layout":"","ast-site-content-layout":"default","site-content-style":"default","site-sidebar-style":"default","ast-global-header-display":"","ast-banner-title-visibility":"","ast-main-header-display":"","ast-hfb-above-header-display":"","ast-hfb-below-header-display":"","ast-hfb-mobile-header-display":"","site-post-title":"","ast-breadcrumbs-content":"","ast-featured-img":"","footer-sml-layout":"","ast-disable-related-posts":"","theme-transparent-header-meta":"default","adv-header-id-meta":"","stick-header-meta":"","header-above-stick-meta":"","header-main-stick-meta":"","header-below-stick-meta":"","astra-migrate-meta-layouts":"set","ast-page-background-enabled":"default","ast-page-background-meta":{"desktop":{"background-color":"var(--ast-global-color-5)","background-image":"","background-repeat":"repeat","background-position":"center center","background-size":"auto","background-attachment":"scroll","background-type":"","background-media":"","overlay-type":"","overlay-color":"","overlay-opacity":"","overlay-gradient":""},"tablet":{"background-color":"","background-image":"","background-repeat":"repeat","background-position":"center center","background-size":"auto","background-attachment":"scroll","background-type":"","background-media":"","overlay-type":"","overlay-color":"","overlay-opacity":"","overlay-gradient":""},"mobile":{"background-color":"","background-image":"","background-repeat":"repeat","background-position":"center center","background-size":"auto","background-attachment":"scroll","background-type":"","background-media":"","overlay-type":"","overlay-color":"","overlay-opacity":"","overlay-gradient":""}},"ast-content-background-meta":{"desktop":{"background-color":"var(--ast-global-color-4)","background-image":"","background-repeat":"repeat","background-position":"center center","background-size":"auto","background-attachment":"scroll","background-type":"","background-media":"","overlay-type":"","overlay-color":"","overlay-opacity":"","overlay-gradient":""},"tablet":{"background-color":"var(--ast-global-color-4)","background-image":"","background-repeat":"repeat","background-position":"center center","background-size":"auto","background-attachment":"scroll","background-type":"","background-media":"","overlay-type":"","overlay-color":"","overlay-opacity":"","overlay-gradient":""},"mobile":{"background-color":"var(--ast-global-color-4)","background-image":"","background-repeat":"repeat","background-position":"center center","background-size":"auto","background-attachment":"scroll","background-type":"","background-media":"","overlay-type":"","overlay-color":"","overlay-opacity":"","overlay-gradient":""}},"footnotes":""},"class_list":["post-118","page","type-page","status-publish","hentry"],"yoast_head":"<!-- This site is optimized with the Yoast SEO plugin v27.4 - https:\/\/yoast.com\/product\/yoast-seo-wordpress\/ -->\n<title>Nos clients nous appr\u00e9cient, ils nous le disent !<\/title>\n<meta name=\"description\" content=\"Ils parlent pour nous : en plus des avis google notre livre d&#039;or confirme les liens de confiances et de s\u00e9rieux qui nous unissent.\" \/>\n<meta name=\"robots\" content=\"index, follow, max-snippet:-1, max-image-preview:large, max-video-preview:-1\" \/>\n<link rel=\"canonical\" href=\"https:\/\/www.store62.com\/fermetures-partenaires\/livre-dor-la-satisfaction-de-nos-clients\/\" \/>\n<meta property=\"og:locale\" content=\"fr_FR\" \/>\n<meta property=\"og:type\" content=\"article\" \/>\n<meta property=\"og:title\" content=\"Nos clients nous appr\u00e9cient, ils nous le disent !\" \/>\n<meta property=\"og:description\" content=\"Ils parlent pour nous : en plus des avis google notre livre d&#039;or confirme les liens de confiances et de s\u00e9rieux qui nous unissent.\" \/>\n<meta property=\"og:url\" content=\"https:\/\/www.store62.com\/fermetures-partenaires\/livre-dor-la-satisfaction-de-nos-clients\/\" \/>\n<meta property=\"og:site_name\" content=\"Sp\u00e9cialiste fermetures\" \/>\n<meta property=\"article:modified_time\" content=\"2026-03-04T14:59:51+00:00\" \/>\n<meta name=\"twitter:card\" content=\"summary_large_image\" \/>\n<meta name=\"twitter:label1\" content=\"Dur\u00e9e de lecture estim\u00e9e\" \/>\n\t<meta name=\"twitter:data1\" content=\"1 minute\" \/>\n<script type=\"application\/ld+json\" class=\"yoast-schema-graph\">{\"@context\":\"https:\\\/\\\/schema.org\",\"@graph\":[{\"@type\":\"WebPage\",\"@id\":\"https:\\\/\\\/www.store62.com\\\/fermetures-partenaires\\\/livre-dor-la-satisfaction-de-nos-clients\\\/\",\"url\":\"https:\\\/\\\/www.store62.com\\\/fermetures-partenaires\\\/livre-dor-la-satisfaction-de-nos-clients\\\/\",\"name\":\"Nos clients nous appr\u00e9cient, ils nous le disent !\",\"isPartOf\":{\"@id\":\"https:\\\/\\\/www.store62.com\\\/fermetures-partenaires\\\/#website\"},\"datePublished\":\"2026-02-23T09:45:01+00:00\",\"dateModified\":\"2026-03-04T14:59:51+00:00\",\"description\":\"Ils parlent pour nous : en plus des avis google notre livre d'or confirme les liens de confiances et de s\u00e9rieux qui nous unissent.\",\"breadcrumb\":{\"@id\":\"https:\\\/\\\/www.store62.com\\\/fermetures-partenaires\\\/livre-dor-la-satisfaction-de-nos-clients\\\/#breadcrumb\"},\"inLanguage\":\"fr-FR\",\"potentialAction\":[{\"@type\":\"ReadAction\",\"target\":[\"https:\\\/\\\/www.store62.com\\\/fermetures-partenaires\\\/livre-dor-la-satisfaction-de-nos-clients\\\/\"]}]},{\"@type\":\"BreadcrumbList\",\"@id\":\"https:\\\/\\\/www.store62.com\\\/fermetures-partenaires\\\/livre-dor-la-satisfaction-de-nos-clients\\\/#breadcrumb\",\"itemListElement\":[{\"@type\":\"ListItem\",\"position\":1,\"name\":\"Accueil\",\"item\":\"https:\\\/\\\/www.store62.com\\\/fermetures-partenaires\\\/\"},{\"@type\":\"ListItem\",\"position\":2,\"name\":\"Livre d\u2019or : la satisfaction de nos clients\"}]},{\"@type\":\"WebSite\",\"@id\":\"https:\\\/\\\/www.store62.com\\\/fermetures-partenaires\\\/#website\",\"url\":\"https:\\\/\\\/www.store62.com\\\/fermetures-partenaires\\\/\",\"name\":\"Sp\u00e9cialiste fermetures Lens\",\"description\":\"LENS - T\u00e9l : 06 67 19 62 62 \\\/ 03 21 42 62 62\",\"publisher\":{\"@id\":\"https:\\\/\\\/www.store62.com\\\/fermetures-partenaires\\\/#organization\"},\"potentialAction\":[{\"@type\":\"SearchAction\",\"target\":{\"@type\":\"EntryPoint\",\"urlTemplate\":\"https:\\\/\\\/www.store62.com\\\/fermetures-partenaires\\\/?s={search_term_string}\"},\"query-input\":{\"@type\":\"PropertyValueSpecification\",\"valueRequired\":true,\"valueName\":\"search_term_string\"}}],\"inLanguage\":\"fr-FR\"},{\"@type\":\"Organization\",\"@id\":\"https:\\\/\\\/www.store62.com\\\/fermetures-partenaires\\\/#organization\",\"name\":\"Sp\u00e9cialiste fermetures Lens\",\"url\":\"https:\\\/\\\/www.store62.com\\\/fermetures-partenaires\\\/\",\"logo\":{\"@type\":\"ImageObject\",\"inLanguage\":\"fr-FR\",\"@id\":\"https:\\\/\\\/www.store62.com\\\/fermetures-partenaires\\\/#\\\/schema\\\/logo\\\/image\\\/\",\"url\":\"https:\\\/\\\/www.store62.com\\\/fermetures-partenaires\\\/wp-content\\\/uploads\\\/2026\\\/02\\\/cropped-unnamed.jpg\",\"contentUrl\":\"https:\\\/\\\/www.store62.com\\\/fermetures-partenaires\\\/wp-content\\\/uploads\\\/2026\\\/02\\\/cropped-unnamed.jpg\",\"width\":942,\"height\":237,\"caption\":\"Sp\u00e9cialiste fermetures Lens\"},\"image\":{\"@id\":\"https:\\\/\\\/www.store62.com\\\/fermetures-partenaires\\\/#\\\/schema\\\/logo\\\/image\\\/\"}}]}<\/script>\n<!-- \/ Yoast SEO plugin. -->","yoast_head_json":{"title":"Nos clients nous appr\u00e9cient, ils nous le disent !","description":"Ils parlent pour nous : en plus des avis google notre livre d'or confirme les liens de confiances et de s\u00e9rieux qui nous unissent.","robots":{"index":"index","follow":"follow","max-snippet":"max-snippet:-1","max-image-preview":"max-image-preview:large","max-video-preview":"max-video-preview:-1"},"canonical":"https:\/\/www.store62.com\/fermetures-partenaires\/livre-dor-la-satisfaction-de-nos-clients\/","og_locale":"fr_FR","og_type":"article","og_title":"Nos clients nous appr\u00e9cient, ils nous le disent !","og_description":"Ils parlent pour nous : en plus des avis google notre livre d'or confirme les liens de confiances et de s\u00e9rieux qui nous unissent.","og_url":"https:\/\/www.store62.com\/fermetures-partenaires\/livre-dor-la-satisfaction-de-nos-clients\/","og_site_name":"Sp\u00e9cialiste fermetures","article_modified_time":"2026-03-04T14:59:51+00:00","twitter_card":"summary_large_image","twitter_misc":{"Dur\u00e9e de lecture estim\u00e9e":"1 minute"},"schema":{"@context":"https:\/\/schema.org","@graph":[{"@type":"WebPage","@id":"https:\/\/www.store62.com\/fermetures-partenaires\/livre-dor-la-satisfaction-de-nos-clients\/","url":"https:\/\/www.store62.com\/fermetures-partenaires\/livre-dor-la-satisfaction-de-nos-clients\/","name":"Nos clients nous appr\u00e9cient, ils nous le disent !","isPartOf":{"@id":"https:\/\/www.store62.com\/fermetures-partenaires\/#website"},"datePublished":"2026-02-23T09:45:01+00:00","dateModified":"2026-03-04T14:59:51+00:00","description":"Ils parlent pour nous : en plus des avis google notre livre d'or confirme les liens de confiances et de s\u00e9rieux qui nous unissent.","breadcrumb":{"@id":"https:\/\/www.store62.com\/fermetures-partenaires\/livre-dor-la-satisfaction-de-nos-clients\/#breadcrumb"},"inLanguage":"fr-FR","potentialAction":[{"@type":"ReadAction","target":["https:\/\/www.store62.com\/fermetures-partenaires\/livre-dor-la-satisfaction-de-nos-clients\/"]}]},{"@type":"BreadcrumbList","@id":"https:\/\/www.store62.com\/fermetures-partenaires\/livre-dor-la-satisfaction-de-nos-clients\/#breadcrumb","itemListElement":[{"@type":"ListItem","position":1,"name":"Accueil","item":"https:\/\/www.store62.com\/fermetures-partenaires\/"},{"@type":"ListItem","position":2,"name":"Livre d\u2019or : la satisfaction de nos clients"}]},{"@type":"WebSite","@id":"https:\/\/www.store62.com\/fermetures-partenaires\/#website","url":"https:\/\/www.store62.com\/fermetures-partenaires\/","name":"Sp\u00e9cialiste fermetures Lens","description":"LENS - T\u00e9l : 06 67 19 62 62 \/ 03 21 42 62 62","publisher":{"@id":"https:\/\/www.store62.com\/fermetures-partenaires\/#organization"},"potentialAction":[{"@type":"SearchAction","target":{"@type":"EntryPoint","urlTemplate":"https:\/\/www.store62.com\/fermetures-partenaires\/?s={search_term_string}"},"query-input":{"@type":"PropertyValueSpecification","valueRequired":true,"valueName":"search_term_string"}}],"inLanguage":"fr-FR"},{"@type":"Organization","@id":"https:\/\/www.store62.com\/fermetures-partenaires\/#organization","name":"Sp\u00e9cialiste fermetures Lens","url":"https:\/\/www.store62.com\/fermetures-partenaires\/","logo":{"@type":"ImageObject","inLanguage":"fr-FR","@id":"https:\/\/www.store62.com\/fermetures-partenaires\/#\/schema\/logo\/image\/","url":"https:\/\/www.store62.com\/fermetures-partenaires\/wp-content\/uploads\/2026\/02\/cropped-unnamed.jpg","contentUrl":"https:\/\/www.store62.com\/fermetures-partenaires\/wp-content\/uploads\/2026\/02\/cropped-unnamed.jpg","width":942,"height":237,"caption":"Sp\u00e9cialiste fermetures Lens"},"image":{"@id":"https:\/\/www.store62.com\/fermetures-partenaires\/#\/schema\/logo\/image\/"}}]}},"_links":{"self":[{"href":"https:\/\/www.store62.com\/fermetures-partenaires\/wp-json\/wp\/v2\/pages\/118","targetHints":{"allow":["GET"]}}],"collection":[{"href":"https:\/\/www.store62.com\/fermetures-partenaires\/wp-json\/wp\/v2\/pages"}],"about":[{"href":"https:\/\/www.store62.com\/fermetures-partenaires\/wp-json\/wp\/v2\/types\/page"}],"author":[{"embeddable":true,"href":"https:\/\/www.store62.com\/fermetures-partenaires\/wp-json\/wp\/v2\/users\/1"}],"replies":[{"embeddable":true,"href":"https:\/\/www.store62.com\/fermetures-partenaires\/wp-json\/wp\/v2\/comments?post=118"}],"version-history":[{"count":4,"href":"https:\/\/www.store62.com\/fermetures-partenaires\/wp-json\/wp\/v2\/pages\/118\/revisions"}],"predecessor-version":[{"id":1284,"href":"https:\/\/www.store62.com\/fermetures-partenaires\/wp-json\/wp\/v2\/pages\/118\/revisions\/1284"}],"wp:attachment":[{"href":"https:\/\/www.store62.com\/fermetures-partenaires\/wp-json\/wp\/v2\/media?parent=118"}],"curies":[{"name":"wp","href":"https:\/\/api.w.org\/{rel}","templated":true}]}}