{"id":115,"date":"2026-02-03T10:39:59","date_gmt":"2026-02-03T09:39:59","guid":{"rendered":"https:\/\/www.store62.com\/fermetures-partenaires\/?page_id=115"},"modified":"2026-03-13T07:49:30","modified_gmt":"2026-03-13T06:49:30","slug":"contact-et-devis","status":"publish","type":"page","link":"https:\/\/www.store62.com\/fermetures-partenaires\/contact-et-devis\/","title":{"rendered":"Contact &#8211; Demander un devis gratuit &#8211; R\u00e9paration(s) :"},"content":{"rendered":"<h5 class=\"widget-title\" style=\"text-align: center;\">Pour venir nous rencontrer : Store62, 2 avenue Alfred Ma\u00ebs \u00e0 Lens<\/h5>\n<div class=\"textwidget\">\n<p style=\"text-align: center;\">Ouvert du mardi au jeudi de 9h30 \u00e0 12h00 \/ 14h30 \u00e0 18h00. Le vendredi de 9h30 \u00e0 12h00. Ouvert le samedi uniquement sur RDV \/\u00a0 Ferm\u00e9 le lundi.<br \/>\nT\u00e9l : 06 67 19 62 62 \/ 03 21 42 62 62<\/p>\n<p style=\"text-align: center;\">Formulaire de contacte en ligne :<\/p>\n<\/div>\n<hr \/>\n<p style=\"text-align: center;\">\n<div class=\"wpcf7 no-js\" id=\"wpcf7-f792-o1\" lang=\"fr-FR\" dir=\"ltr\" data-wpcf7-id=\"792\">\n<div class=\"screen-reader-response\"><p role=\"status\" aria-live=\"polite\" aria-atomic=\"true\"><\/p> <ul><\/ul><\/div>\n<form action=\"\/fermetures-partenaires\/wp-json\/wp\/v2\/pages\/115#wpcf7-f792-o1\" method=\"post\" class=\"wpcf7-form init\" aria-label=\"Formulaire de contact\" novalidate=\"novalidate\" data-status=\"init\">\n<fieldset class=\"hidden-fields-container\"><input type=\"hidden\" name=\"_wpcf7\" value=\"792\" \/><input type=\"hidden\" name=\"_wpcf7_version\" value=\"6.1.5\" \/><input type=\"hidden\" name=\"_wpcf7_locale\" value=\"fr_FR\" \/><input type=\"hidden\" name=\"_wpcf7_unit_tag\" value=\"wpcf7-f792-o1\" \/><input type=\"hidden\" name=\"_wpcf7_container_post\" value=\"0\" \/><input type=\"hidden\" name=\"_wpcf7_posted_data_hash\" value=\"\" \/>\n<\/fieldset>\n<p>Votre nom (obligatoire)\n<\/p>\n<p><span class=\"wpcf7-form-control-wrap\" data-name=\"your-name\"><input size=\"40\" maxlength=\"400\" class=\"wpcf7-form-control wpcf7-text wpcf7-validates-as-required\" aria-required=\"true\" aria-invalid=\"false\" value=\"\" type=\"text\" name=\"your-name\" \/><\/span>\n<\/p>\n<p>Votre email (obligatoire)\n<\/p>\n<p><span class=\"wpcf7-form-control-wrap\" data-name=\"your-email\"><input size=\"40\" maxlength=\"400\" class=\"wpcf7-form-control wpcf7-email wpcf7-validates-as-required wpcf7-text wpcf7-validates-as-email\" aria-required=\"true\" aria-invalid=\"false\" value=\"\" type=\"email\" name=\"your-email\" \/><\/span>\n<\/p>\n<p>Votre t\u00e9l\u00e9phone (obligatoire)\n<\/p>\n<p><span class=\"wpcf7-form-control-wrap\" data-name=\"tel-431\"><input size=\"40\" maxlength=\"400\" class=\"wpcf7-form-control wpcf7-tel wpcf7-validates-as-required wpcf7-text wpcf7-validates-as-tel\" aria-required=\"true\" aria-invalid=\"false\" value=\"\" type=\"tel\" name=\"tel-431\" \/><\/span>\n<\/p>\n<p>Votre adresse (obligatoire)\n<\/p>\n<p><span class=\"wpcf7-form-control-wrap\" data-name=\"text-561\"><input size=\"40\" maxlength=\"400\" class=\"wpcf7-form-control wpcf7-text wpcf7-validates-as-required\" aria-required=\"true\" aria-invalid=\"false\" value=\"\" type=\"text\" name=\"text-561\" \/><\/span>\n<\/p>\n<p>Sujet\n<\/p>\n<p><span class=\"wpcf7-form-control-wrap\" data-name=\"your-subject\"><input size=\"40\" maxlength=\"400\" class=\"wpcf7-form-control wpcf7-text\" aria-invalid=\"false\" value=\"\" type=\"text\" name=\"your-subject\" \/><\/span>\n<\/p>\n<p>Votre message et\/ou votre demande de devis (gratuit!)\n<\/p>\n<p><span class=\"wpcf7-form-control-wrap\" data-name=\"your-message\"><textarea cols=\"40\" rows=\"10\" maxlength=\"2000\" class=\"wpcf7-form-control wpcf7-textarea\" aria-invalid=\"false\" name=\"your-message\"><\/textarea><\/span>\n<\/p>\n<p><span class=\"wpcf7-form-control-wrap\" data-name=\"mentionslgales\"><span class=\"wpcf7-form-control wpcf7-checkbox wpcf7-validates-as-required\"><span class=\"wpcf7-list-item first last\"><input type=\"checkbox\" name=\"mentionslgales[]\" value=\"En cochant cette case, j\u2019accepte la Politique de confidentialit\u00e9 de ce site\" \/><span class=\"wpcf7-list-item-label\">En cochant cette case, j\u2019accepte la Politique de confidentialit\u00e9 de ce site<\/span><\/span><\/span><\/span>\n<\/p>\n<p><br \/>\n<span class=\"wpcf7-form-control-wrap kc_captcha\" data-name=\"kc_captcha\"><span class=\"wpcf7-form-control wpcf7-radio\"><span class=\"captcha-image\" ><span class=\"cf7ic_instructions\">Veuillez prouver que vous \u00eates humain en s\u00e9lectionnant<span> l\u2019arbre<\/span>.<\/span><label><input aria-label=\"1\" type=\"radio\" name=\"kc_captcha\" value=\"bot\" \/><svg aria-hidden=\"true\" role=\"img\" xmlns=\"http:\/\/www.w3.org\/2000\/svg\" viewBox=\"0 0 576 512\"><path fill=\"currentColor\" d=\"M488 313v143c0 13-11 24-24 24H348c-7 0-12-5-12-12V356c0-7-5-12-12-12h-72c-7 0-12 5-12 12v112c0 7-5 12-12 12H112c-13 0-24-11-24-24V313c0-4 2-7 4-10l188-154c5-4 11-4 16 0l188 154c2 3 4 6 4 10zm84-61l-84-69V44c0-6-5-12-12-12h-56c-7 0-12 6-12 12v73l-89-74a48 48 0 00-61 0L4 252c-5 4-5 12-1 17l25 31c5 5 12 5 17 1l235-193c5-4 11-4 16 0l235 193c5 5 13 4 17-1l25-31c4-6 4-13-1-17z\"\/><\/svg><\/label><label><input aria-label=\"2\" type=\"radio\" name=\"kc_captcha\" value=\"bot\" \/><svg aria-hidden=\"true\" role=\"img\" xmlns=\"http:\/\/www.w3.org\/2000\/svg\" viewBox=\"0 0 576 512\"><path fill=\"currentColor\" d=\"M259 18l-65 132-146 22c-26 3-37 36-18 54l106 103-25 146c-5 26 23 46 46 33l131-68 131 68c23 13 51-7 46-33l-25-146 106-103c19-18 8-51-18-54l-146-22-65-132a32 32 0 00-58 0z\"\/><\/svg><\/label><label><input aria-label=\"3\" type=\"radio\" name=\"kc_captcha\" value=\"kc_human\" \/><svg aria-hidden=\"true\" role=\"img\" xmlns=\"http:\/\/www.w3.org\/2000\/svg\" viewBox=\"0 0 384 512\"><path fill=\"currentColor\" d=\"M377 375l-83-87h34c21 0 32-25 17-40l-82-88h33c21 0 32-25 18-40L210 8c-10-11-26-11-36 0L70 120c-14 15-3 40 18 40h33l-82 88c-15 15-4 40 17 40h34L7 375c-15 16-4 41 17 41h120c0 33-11 49-34 68-12 9-5 28 10 28h144c15 0 22-19 10-28-20-16-34-32-34-68h120c21 0 32-25 17-41z\"\/><\/svg><\/label>\r\n    <\/span>\r\n    <span style=\"display:none\">\r\n        <input type=\"text\" name=\"kc_honeypot\">\r\n    <\/span><\/span><\/span>\n<\/p>\n<p><input class=\"wpcf7-form-control wpcf7-submit has-spinner\" type=\"submit\" value=\"Envoyer\" \/>\n<\/p><p style=\"display: none !important;\" class=\"akismet-fields-container\" data-prefix=\"_wpcf7_ak_\"><label>&#916;<textarea name=\"_wpcf7_ak_hp_textarea\" cols=\"45\" rows=\"8\" maxlength=\"100\"><\/textarea><\/label><input type=\"hidden\" id=\"ak_js_1\" name=\"_wpcf7_ak_js\" value=\"81\"\/><script>document.getElementById( \"ak_js_1\" ).setAttribute( \"value\", ( new Date() ).getTime() );<\/script><\/p><div class=\"wpcf7-response-output\" aria-hidden=\"true\"><\/div>\n<\/form>\n<\/div>\n<\/p>\n<hr \/>\n<p><img loading=\"lazy\" decoding=\"async\" class=\"aligncenter wp-image-795 size-full\" src=\"https:\/\/www.store62.com\/fermetures-partenaires\/wp-content\/uploads\/2026\/02\/IMG_4592-1024x683-1.jpg\" alt=\"\" width=\"1024\" height=\"372\" srcset=\"https:\/\/www.store62.com\/fermetures-partenaires\/wp-content\/uploads\/2026\/02\/IMG_4592-1024x683-1.jpg 1024w, https:\/\/www.store62.com\/fermetures-partenaires\/wp-content\/uploads\/2026\/02\/IMG_4592-1024x683-1-300x109.jpg 300w, https:\/\/www.store62.com\/fermetures-partenaires\/wp-content\/uploads\/2026\/02\/IMG_4592-1024x683-1-768x279.jpg 768w, https:\/\/www.store62.com\/fermetures-partenaires\/wp-content\/uploads\/2026\/02\/IMG_4592-1024x683-1-200x73.jpg 200w\" sizes=\"auto, (max-width: 1024px) 100vw, 1024px\" \/><\/p>\n","protected":false},"excerpt":{"rendered":"<p>Pour venir nous rencontrer : Store62, 2 avenue Alfred Ma\u00ebs \u00e0 Lens Ouvert du mardi au jeudi de 9h30 \u00e0 [&hellip;]<\/p>\n","protected":false},"author":1,"featured_media":0,"parent":0,"menu_order":0,"comment_status":"closed","ping_status":"closed","template":"","meta":{"site-sidebar-layout":"default","site-content-layout":"","ast-site-content-layout":"default","site-content-style":"default","site-sidebar-style":"default","ast-global-header-display":"","ast-banner-title-visibility":"","ast-main-header-display":"","ast-hfb-above-header-display":"","ast-hfb-below-header-display":"","ast-hfb-mobile-header-display":"","site-post-title":"","ast-breadcrumbs-content":"","ast-featured-img":"","footer-sml-layout":"","ast-disable-related-posts":"","theme-transparent-header-meta":"default","adv-header-id-meta":"","stick-header-meta":"","header-above-stick-meta":"","header-main-stick-meta":"","header-below-stick-meta":"","astra-migrate-meta-layouts":"set","ast-page-background-enabled":"default","ast-page-background-meta":{"desktop":{"background-color":"var(--ast-global-color-5)","background-image":"","background-repeat":"repeat","background-position":"center center","background-size":"auto","background-attachment":"scroll","background-type":"","background-media":"","overlay-type":"","overlay-color":"","overlay-opacity":"","overlay-gradient":""},"tablet":{"background-color":"","background-image":"","background-repeat":"repeat","background-position":"center center","background-size":"auto","background-attachment":"scroll","background-type":"","background-media":"","overlay-type":"","overlay-color":"","overlay-opacity":"","overlay-gradient":""},"mobile":{"background-color":"","background-image":"","background-repeat":"repeat","background-position":"center center","background-size":"auto","background-attachment":"scroll","background-type":"","background-media":"","overlay-type":"","overlay-color":"","overlay-opacity":"","overlay-gradient":""}},"ast-content-background-meta":{"desktop":{"background-color":"var(--ast-global-color-4)","background-image":"","background-repeat":"repeat","background-position":"center center","background-size":"auto","background-attachment":"scroll","background-type":"","background-media":"","overlay-type":"","overlay-color":"","overlay-opacity":"","overlay-gradient":""},"tablet":{"background-color":"var(--ast-global-color-4)","background-image":"","background-repeat":"repeat","background-position":"center center","background-size":"auto","background-attachment":"scroll","background-type":"","background-media":"","overlay-type":"","overlay-color":"","overlay-opacity":"","overlay-gradient":""},"mobile":{"background-color":"var(--ast-global-color-4)","background-image":"","background-repeat":"repeat","background-position":"center center","background-size":"auto","background-attachment":"scroll","background-type":"","background-media":"","overlay-type":"","overlay-color":"","overlay-opacity":"","overlay-gradient":""}},"footnotes":""},"class_list":["post-115","page","type-page","status-publish","hentry"],"yoast_head":"<!-- This site is optimized with the Yoast SEO plugin v27.4 - https:\/\/yoast.com\/product\/yoast-seo-wordpress\/ -->\n<title>Contact - Demander un devis gratuit - R\u00e9paration(s) : - Sp\u00e9cialiste fermetures<\/title>\n<meta name=\"description\" content=\"Contacter une entreprise de pose et conseils en portails, stores, fen\u00eatres, cl\u00f4tures, automatismes, pergolas, v\u00e9randas et alarmes\" \/>\n<meta name=\"robots\" content=\"index, follow, max-snippet:-1, max-image-preview:large, max-video-preview:-1\" \/>\n<link rel=\"canonical\" href=\"https:\/\/www.store62.com\/fermetures-partenaires\/contact-et-devis\/\" \/>\n<meta property=\"og:locale\" content=\"fr_FR\" \/>\n<meta property=\"og:type\" content=\"article\" \/>\n<meta property=\"og:title\" content=\"Contact - Demander un devis gratuit - R\u00e9paration(s) : - Sp\u00e9cialiste fermetures\" \/>\n<meta property=\"og:description\" content=\"Contacter une entreprise de pose et conseils en portails, stores, fen\u00eatres, cl\u00f4tures, automatismes, pergolas, v\u00e9randas et alarmes\" \/>\n<meta property=\"og:url\" content=\"https:\/\/www.store62.com\/fermetures-partenaires\/contact-et-devis\/\" \/>\n<meta property=\"og:site_name\" content=\"Sp\u00e9cialiste fermetures\" \/>\n<meta property=\"article:modified_time\" content=\"2026-03-13T06:49:30+00:00\" \/>\n<meta property=\"og:image\" content=\"https:\/\/www.store62.com\/fermetures-partenaires\/wp-content\/uploads\/2026\/02\/IMG_4592-1024x683-1.jpg\" \/>\n\t<meta property=\"og:image:width\" content=\"1024\" \/>\n\t<meta property=\"og:image:height\" content=\"372\" \/>\n\t<meta property=\"og:image:type\" content=\"image\/jpeg\" \/>\n<meta name=\"twitter:card\" content=\"summary_large_image\" \/>\n<meta name=\"twitter:label1\" content=\"Dur\u00e9e de lecture estim\u00e9e\" \/>\n\t<meta name=\"twitter:data1\" content=\"1 minute\" \/>\n<script type=\"application\/ld+json\" class=\"yoast-schema-graph\">{\"@context\":\"https:\\\/\\\/schema.org\",\"@graph\":[{\"@type\":\"WebPage\",\"@id\":\"https:\\\/\\\/www.store62.com\\\/fermetures-partenaires\\\/contact-et-devis\\\/\",\"url\":\"https:\\\/\\\/www.store62.com\\\/fermetures-partenaires\\\/contact-et-devis\\\/\",\"name\":\"Contact - Demander un devis gratuit - R\u00e9paration(s) : - Sp\u00e9cialiste fermetures\",\"isPartOf\":{\"@id\":\"https:\\\/\\\/www.store62.com\\\/fermetures-partenaires\\\/#website\"},\"primaryImageOfPage\":{\"@id\":\"https:\\\/\\\/www.store62.com\\\/fermetures-partenaires\\\/contact-et-devis\\\/#primaryimage\"},\"image\":{\"@id\":\"https:\\\/\\\/www.store62.com\\\/fermetures-partenaires\\\/contact-et-devis\\\/#primaryimage\"},\"thumbnailUrl\":\"https:\\\/\\\/www.store62.com\\\/fermetures-partenaires\\\/wp-content\\\/uploads\\\/2026\\\/02\\\/IMG_4592-1024x683-1.jpg\",\"datePublished\":\"2026-02-03T09:39:59+00:00\",\"dateModified\":\"2026-03-13T06:49:30+00:00\",\"description\":\"Contacter une entreprise de pose et conseils en portails, stores, fen\u00eatres, cl\u00f4tures, automatismes, pergolas, v\u00e9randas et alarmes\",\"breadcrumb\":{\"@id\":\"https:\\\/\\\/www.store62.com\\\/fermetures-partenaires\\\/contact-et-devis\\\/#breadcrumb\"},\"inLanguage\":\"fr-FR\",\"potentialAction\":[{\"@type\":\"ReadAction\",\"target\":[\"https:\\\/\\\/www.store62.com\\\/fermetures-partenaires\\\/contact-et-devis\\\/\"]}]},{\"@type\":\"ImageObject\",\"inLanguage\":\"fr-FR\",\"@id\":\"https:\\\/\\\/www.store62.com\\\/fermetures-partenaires\\\/contact-et-devis\\\/#primaryimage\",\"url\":\"https:\\\/\\\/www.store62.com\\\/fermetures-partenaires\\\/wp-content\\\/uploads\\\/2026\\\/02\\\/IMG_4592-1024x683-1.jpg\",\"contentUrl\":\"https:\\\/\\\/www.store62.com\\\/fermetures-partenaires\\\/wp-content\\\/uploads\\\/2026\\\/02\\\/IMG_4592-1024x683-1.jpg\",\"width\":1024,\"height\":372},{\"@type\":\"BreadcrumbList\",\"@id\":\"https:\\\/\\\/www.store62.com\\\/fermetures-partenaires\\\/contact-et-devis\\\/#breadcrumb\",\"itemListElement\":[{\"@type\":\"ListItem\",\"position\":1,\"name\":\"Accueil\",\"item\":\"https:\\\/\\\/www.store62.com\\\/fermetures-partenaires\\\/\"},{\"@type\":\"ListItem\",\"position\":2,\"name\":\"Contact &#8211; Demander un devis gratuit &#8211; R\u00e9paration(s) :\"}]},{\"@type\":\"WebSite\",\"@id\":\"https:\\\/\\\/www.store62.com\\\/fermetures-partenaires\\\/#website\",\"url\":\"https:\\\/\\\/www.store62.com\\\/fermetures-partenaires\\\/\",\"name\":\"Sp\u00e9cialiste fermetures Lens\",\"description\":\"LENS - T\u00e9l : 06 67 19 62 62 \\\/ 03 21 42 62 62\",\"publisher\":{\"@id\":\"https:\\\/\\\/www.store62.com\\\/fermetures-partenaires\\\/#organization\"},\"potentialAction\":[{\"@type\":\"SearchAction\",\"target\":{\"@type\":\"EntryPoint\",\"urlTemplate\":\"https:\\\/\\\/www.store62.com\\\/fermetures-partenaires\\\/?s={search_term_string}\"},\"query-input\":{\"@type\":\"PropertyValueSpecification\",\"valueRequired\":true,\"valueName\":\"search_term_string\"}}],\"inLanguage\":\"fr-FR\"},{\"@type\":\"Organization\",\"@id\":\"https:\\\/\\\/www.store62.com\\\/fermetures-partenaires\\\/#organization\",\"name\":\"Sp\u00e9cialiste fermetures Lens\",\"url\":\"https:\\\/\\\/www.store62.com\\\/fermetures-partenaires\\\/\",\"logo\":{\"@type\":\"ImageObject\",\"inLanguage\":\"fr-FR\",\"@id\":\"https:\\\/\\\/www.store62.com\\\/fermetures-partenaires\\\/#\\\/schema\\\/logo\\\/image\\\/\",\"url\":\"https:\\\/\\\/www.store62.com\\\/fermetures-partenaires\\\/wp-content\\\/uploads\\\/2026\\\/02\\\/cropped-unnamed.jpg\",\"contentUrl\":\"https:\\\/\\\/www.store62.com\\\/fermetures-partenaires\\\/wp-content\\\/uploads\\\/2026\\\/02\\\/cropped-unnamed.jpg\",\"width\":942,\"height\":237,\"caption\":\"Sp\u00e9cialiste fermetures Lens\"},\"image\":{\"@id\":\"https:\\\/\\\/www.store62.com\\\/fermetures-partenaires\\\/#\\\/schema\\\/logo\\\/image\\\/\"}}]}<\/script>\n<!-- \/ Yoast SEO plugin. -->","yoast_head_json":{"title":"Contact - Demander un devis gratuit - R\u00e9paration(s) : - Sp\u00e9cialiste fermetures","description":"Contacter une entreprise de pose et conseils en portails, stores, fen\u00eatres, cl\u00f4tures, automatismes, pergolas, v\u00e9randas et alarmes","robots":{"index":"index","follow":"follow","max-snippet":"max-snippet:-1","max-image-preview":"max-image-preview:large","max-video-preview":"max-video-preview:-1"},"canonical":"https:\/\/www.store62.com\/fermetures-partenaires\/contact-et-devis\/","og_locale":"fr_FR","og_type":"article","og_title":"Contact - Demander un devis gratuit - R\u00e9paration(s) : - Sp\u00e9cialiste fermetures","og_description":"Contacter une entreprise de pose et conseils en portails, stores, fen\u00eatres, cl\u00f4tures, automatismes, pergolas, v\u00e9randas et alarmes","og_url":"https:\/\/www.store62.com\/fermetures-partenaires\/contact-et-devis\/","og_site_name":"Sp\u00e9cialiste fermetures","article_modified_time":"2026-03-13T06:49:30+00:00","og_image":[{"width":1024,"height":372,"url":"https:\/\/www.store62.com\/fermetures-partenaires\/wp-content\/uploads\/2026\/02\/IMG_4592-1024x683-1.jpg","type":"image\/jpeg"}],"twitter_card":"summary_large_image","twitter_misc":{"Dur\u00e9e de lecture estim\u00e9e":"1 minute"},"schema":{"@context":"https:\/\/schema.org","@graph":[{"@type":"WebPage","@id":"https:\/\/www.store62.com\/fermetures-partenaires\/contact-et-devis\/","url":"https:\/\/www.store62.com\/fermetures-partenaires\/contact-et-devis\/","name":"Contact - Demander un devis gratuit - R\u00e9paration(s) : - Sp\u00e9cialiste fermetures","isPartOf":{"@id":"https:\/\/www.store62.com\/fermetures-partenaires\/#website"},"primaryImageOfPage":{"@id":"https:\/\/www.store62.com\/fermetures-partenaires\/contact-et-devis\/#primaryimage"},"image":{"@id":"https:\/\/www.store62.com\/fermetures-partenaires\/contact-et-devis\/#primaryimage"},"thumbnailUrl":"https:\/\/www.store62.com\/fermetures-partenaires\/wp-content\/uploads\/2026\/02\/IMG_4592-1024x683-1.jpg","datePublished":"2026-02-03T09:39:59+00:00","dateModified":"2026-03-13T06:49:30+00:00","description":"Contacter une entreprise de pose et conseils en portails, stores, fen\u00eatres, cl\u00f4tures, automatismes, pergolas, v\u00e9randas et alarmes","breadcrumb":{"@id":"https:\/\/www.store62.com\/fermetures-partenaires\/contact-et-devis\/#breadcrumb"},"inLanguage":"fr-FR","potentialAction":[{"@type":"ReadAction","target":["https:\/\/www.store62.com\/fermetures-partenaires\/contact-et-devis\/"]}]},{"@type":"ImageObject","inLanguage":"fr-FR","@id":"https:\/\/www.store62.com\/fermetures-partenaires\/contact-et-devis\/#primaryimage","url":"https:\/\/www.store62.com\/fermetures-partenaires\/wp-content\/uploads\/2026\/02\/IMG_4592-1024x683-1.jpg","contentUrl":"https:\/\/www.store62.com\/fermetures-partenaires\/wp-content\/uploads\/2026\/02\/IMG_4592-1024x683-1.jpg","width":1024,"height":372},{"@type":"BreadcrumbList","@id":"https:\/\/www.store62.com\/fermetures-partenaires\/contact-et-devis\/#breadcrumb","itemListElement":[{"@type":"ListItem","position":1,"name":"Accueil","item":"https:\/\/www.store62.com\/fermetures-partenaires\/"},{"@type":"ListItem","position":2,"name":"Contact &#8211; Demander un devis gratuit &#8211; R\u00e9paration(s) :"}]},{"@type":"WebSite","@id":"https:\/\/www.store62.com\/fermetures-partenaires\/#website","url":"https:\/\/www.store62.com\/fermetures-partenaires\/","name":"Sp\u00e9cialiste fermetures Lens","description":"LENS - T\u00e9l : 06 67 19 62 62 \/ 03 21 42 62 62","publisher":{"@id":"https:\/\/www.store62.com\/fermetures-partenaires\/#organization"},"potentialAction":[{"@type":"SearchAction","target":{"@type":"EntryPoint","urlTemplate":"https:\/\/www.store62.com\/fermetures-partenaires\/?s={search_term_string}"},"query-input":{"@type":"PropertyValueSpecification","valueRequired":true,"valueName":"search_term_string"}}],"inLanguage":"fr-FR"},{"@type":"Organization","@id":"https:\/\/www.store62.com\/fermetures-partenaires\/#organization","name":"Sp\u00e9cialiste fermetures Lens","url":"https:\/\/www.store62.com\/fermetures-partenaires\/","logo":{"@type":"ImageObject","inLanguage":"fr-FR","@id":"https:\/\/www.store62.com\/fermetures-partenaires\/#\/schema\/logo\/image\/","url":"https:\/\/www.store62.com\/fermetures-partenaires\/wp-content\/uploads\/2026\/02\/cropped-unnamed.jpg","contentUrl":"https:\/\/www.store62.com\/fermetures-partenaires\/wp-content\/uploads\/2026\/02\/cropped-unnamed.jpg","width":942,"height":237,"caption":"Sp\u00e9cialiste fermetures Lens"},"image":{"@id":"https:\/\/www.store62.com\/fermetures-partenaires\/#\/schema\/logo\/image\/"}}]}},"_links":{"self":[{"href":"https:\/\/www.store62.com\/fermetures-partenaires\/wp-json\/wp\/v2\/pages\/115","targetHints":{"allow":["GET"]}}],"collection":[{"href":"https:\/\/www.store62.com\/fermetures-partenaires\/wp-json\/wp\/v2\/pages"}],"about":[{"href":"https:\/\/www.store62.com\/fermetures-partenaires\/wp-json\/wp\/v2\/types\/page"}],"author":[{"embeddable":true,"href":"https:\/\/www.store62.com\/fermetures-partenaires\/wp-json\/wp\/v2\/users\/1"}],"replies":[{"embeddable":true,"href":"https:\/\/www.store62.com\/fermetures-partenaires\/wp-json\/wp\/v2\/comments?post=115"}],"version-history":[{"count":12,"href":"https:\/\/www.store62.com\/fermetures-partenaires\/wp-json\/wp\/v2\/pages\/115\/revisions"}],"predecessor-version":[{"id":1513,"href":"https:\/\/www.store62.com\/fermetures-partenaires\/wp-json\/wp\/v2\/pages\/115\/revisions\/1513"}],"wp:attachment":[{"href":"https:\/\/www.store62.com\/fermetures-partenaires\/wp-json\/wp\/v2\/media?parent=115"}],"curies":[{"name":"wp","href":"https:\/\/api.w.org\/{rel}","templated":true}]}}